{"id":1632,"date":"2025-08-25T17:44:59","date_gmt":"2025-08-25T17:44:59","guid":{"rendered":"https:\/\/sia-group.it\/ueber-uns\/"},"modified":"2026-04-13T19:54:21","modified_gmt":"2026-04-13T19:54:21","slug":"ueber-uns","status":"publish","type":"page","link":"https:\/\/sia-group.it\/de\/ueber-uns\/","title":{"rendered":"Wer wir sind"},"content":{"rendered":"\t\t<div data-elementor-type=\"wp-page\" data-elementor-id=\"1632\" class=\"elementor elementor-1632 elementor-136\" data-elementor-post-type=\"page\">\n\t\t\t\t<div class=\"elementor-element elementor-element-ca0de04 e-flex e-con-boxed e-con e-parent\" data-id=\"ca0de04\" data-element_type=\"container\" data-e-type=\"container\" data-settings=\"{&quot;background_background&quot;:&quot;classic&quot;}\">\n\t\t\t\t\t<div class=\"e-con-inner\">\n\t\t<div class=\"elementor-element elementor-element-3bbd08d e-con-full e-flex e-con e-child\" data-id=\"3bbd08d\" data-element_type=\"container\" data-e-type=\"container\">\n\t\t\t\t<div class=\"elementor-element elementor-element-cad37e9 elementor-widget elementor-widget-heading\" data-id=\"cad37e9\" data-element_type=\"widget\" data-e-type=\"widget\" data-widget_type=\"heading.default\">\n\t\t\t\t\t<h1 class=\"elementor-heading-title elementor-size-default\">Wer wir sind<\/h1>\t\t\t\t<\/div>\n\t\t\t\t<div class=\"elementor-element elementor-element-41d7498 elementor-widget elementor-widget-heading\" data-id=\"41d7498\" data-element_type=\"widget\" data-e-type=\"widget\" data-widget_type=\"heading.default\">\n\t\t\t\t\t<h3 class=\"elementor-heading-title elementor-size-default\">Sia Group ist die Weiterentwicklung der Uva Cristina, ber\u00fchmt in Italien und Europa<\/h3>\t\t\t\t<\/div>\n\t\t\t\t<\/div>\n\t\t\t\t\t<\/div>\n\t\t\t\t<\/div>\n\t\t<div class=\"elementor-element elementor-element-567714d e-flex e-con-boxed e-con e-parent\" data-id=\"567714d\" data-element_type=\"container\" data-e-type=\"container\">\n\t\t\t\t\t<div class=\"e-con-inner\">\n\t\t<div class=\"elementor-element elementor-element-ff3baac e-con-full e-flex e-con e-child\" data-id=\"ff3baac\" data-element_type=\"container\" data-e-type=\"container\">\n\t\t\t\t<div class=\"elementor-element elementor-element-384e149 elementor-widget elementor-widget-video\" data-id=\"384e149\" data-element_type=\"widget\" data-e-type=\"widget\" data-settings=\"{&quot;video_type&quot;:&quot;hosted&quot;,&quot;start&quot;:2,&quot;controls&quot;:&quot;yes&quot;}\" data-widget_type=\"video.default\">\n\t\t\t\t\t\t\t<div class=\"e-hosted-video elementor-wrapper elementor-open-inline\">\n\t\t\t\t\t<video class=\"elementor-video\" src=\"https:\/\/sia-group.it\/wp-content\/uploads\/2025\/08\/Sia-group.mp4-1.mp4#t=2\" controls=\"\" preload=\"metadata\" controlsList=\"nodownload\"><\/video>\n\t\t\t\t<\/div>\n\t\t\t\t\t\t<\/div>\n\t\t\t\t<\/div>\n\t\t<div class=\"elementor-element elementor-element-c472b11 e-con-full e-flex e-con e-child\" data-id=\"c472b11\" data-element_type=\"container\" data-e-type=\"container\">\n\t\t\t\t<div class=\"elementor-element elementor-element-ce136cf elementor-widget elementor-widget-text-editor\" data-id=\"ce136cf\" data-element_type=\"widget\" data-e-type=\"widget\" data-widget_type=\"text-editor.default\">\n\t\t\t\t\t\t\t\t\t<div class=\"vc_separator wpb_content_element vc_separator_align_left vc_sep_width_100 vc_sep_pos_align_center vc_sep_color_grey vc_separator-has-text\">\n<p>SiaGroup entstand im Jahr 2012 mit einer nat\u00fcrlichen Weiterentwicklung im M\u00e4rz Uva Cristina, ber\u00fchmt auf italienischen und europ\u00e4ischen M\u00e4rkten f\u00fcr ihre hohe Qualit\u00e4t. F\u00fcr den Verkauf in Italien und Europa in erster Linie w\u00e4hlen Sie Grappolo f\u00fcr Grappolo direkt von der Pianta aus. Unsere St\u00e4rke ist die erste Sorte, n\u00e4mlich Vittoria und Black Magic.<\/p>\n<p>Wei\u00dft du, woher \u201euva Cristina\u201c kommt? Es stammt vom Namen unserer Gro\u00dfmutter, die zusammen mit unserem Gro\u00dfvater das erste Unternehmen gegr\u00fcndet hat.&nbsp;<\/p>\n<\/div>\t\t\t\t\t\t\t\t<\/div>\n\t\t\t\t<div class=\"elementor-element elementor-element-82520e3 elementor-widget elementor-widget-image\" data-id=\"82520e3\" data-element_type=\"widget\" data-e-type=\"widget\" data-widget_type=\"image.default\">\n\t\t\t\t\t\t\t\t\t\t\t\t\t\t\t<img fetchpriority=\"high\" decoding=\"async\" width=\"300\" height=\"300\" src=\"https:\/\/sia-group.it\/wp-content\/uploads\/2025\/08\/GLOBALGAP-Logo-300x300.png\" class=\"attachment-medium size-medium wp-image-1637\" alt=\"\" srcset=\"https:\/\/sia-group.it\/wp-content\/uploads\/2025\/08\/GLOBALGAP-Logo-300x300.png 300w, https:\/\/sia-group.it\/wp-content\/uploads\/2025\/08\/GLOBALGAP-Logo-150x150.png 150w, https:\/\/sia-group.it\/wp-content\/uploads\/2025\/08\/GLOBALGAP-Logo.png 350w\" sizes=\"(max-width: 300px) 100vw, 300px\" \/>\t\t\t\t\t\t\t\t\t\t\t\t\t\t\t<\/div>\n\t\t\t\t<\/div>\n\t\t\t\t\t<\/div>\n\t\t\t\t<\/div>\n\t\t<div class=\"elementor-element elementor-element-046dbe1 e-flex e-con-boxed e-con e-parent\" data-id=\"046dbe1\" data-element_type=\"container\" data-e-type=\"container\">\n\t\t\t\t\t<div class=\"e-con-inner\">\n\t\t<div class=\"elementor-element elementor-element-8c59cc4 e-con-full e-flex e-con e-child\" data-id=\"8c59cc4\" data-element_type=\"container\" data-e-type=\"container\">\n\t\t\t\t<div class=\"elementor-element elementor-element-909bdb5 elementor-widget elementor-widget-image\" data-id=\"909bdb5\" data-element_type=\"widget\" data-e-type=\"widget\" data-widget_type=\"image.default\">\n\t\t\t\t\t\t\t\t\t\t\t\t\t\t\t<img decoding=\"async\" width=\"800\" height=\"450\" src=\"https:\/\/sia-group.it\/wp-content\/uploads\/2025\/08\/vlcsnap-2025-08-26-23h39m33s393.webp\" class=\"attachment-large size-large wp-image-1627\" alt=\"\" srcset=\"https:\/\/sia-group.it\/wp-content\/uploads\/2025\/08\/vlcsnap-2025-08-26-23h39m33s393.webp 854w, https:\/\/sia-group.it\/wp-content\/uploads\/2025\/08\/vlcsnap-2025-08-26-23h39m33s393-300x169.webp 300w, https:\/\/sia-group.it\/wp-content\/uploads\/2025\/08\/vlcsnap-2025-08-26-23h39m33s393-768x432.webp 768w\" sizes=\"(max-width: 800px) 100vw, 800px\" \/>\t\t\t\t\t\t\t\t\t\t\t\t\t\t\t<\/div>\n\t\t\t\t<\/div>\n\t\t<div class=\"elementor-element elementor-element-685b53c e-con-full e-flex e-con e-child\" data-id=\"685b53c\" data-element_type=\"container\" data-e-type=\"container\">\n\t\t\t\t<div class=\"elementor-element elementor-element-0eac334 elementor-widget elementor-widget-text-editor\" data-id=\"0eac334\" data-element_type=\"widget\" data-e-type=\"widget\" data-widget_type=\"text-editor.default\">\n\t\t\t\t\t\t\t\t\t<h3><b>DER MAZZARRONE IGP-BEZIRK <\/b><\/h3><p>Wir verarbeiten und kaufen ausschlie\u00dflich Trauben aus dem Herzen S\u00fcdostsiziliens, aus den Anbaugebieten Mazzarrone PGI und Canicatt\u00ec: Regionen, die ideal f\u00fcr die Herstellung von Tafelweinen sind. Hier bringen Sonne, Temperaturschwankungen und sandige B\u00f6den Trauben mit authentischem Geschmack und herausragender Qualit\u00e4t hervor.<\/p>\t\t\t\t\t\t\t\t<\/div>\n\t\t\t\t<\/div>\n\t\t\t\t\t<\/div>\n\t\t\t\t<\/div>\n\t\t<div class=\"elementor-element elementor-element-c9bc32d e-flex e-con-boxed e-con e-parent\" data-id=\"c9bc32d\" data-element_type=\"container\" data-e-type=\"container\">\n\t\t\t\t\t<div class=\"e-con-inner\">\n\t\t<div class=\"elementor-element elementor-element-462f863 e-con-full e-flex e-con e-child\" data-id=\"462f863\" data-element_type=\"container\" data-e-type=\"container\">\n\t\t\t\t<div class=\"elementor-element elementor-element-92c053c elementor-widget elementor-widget-text-editor\" data-id=\"92c053c\" data-element_type=\"widget\" data-e-type=\"widget\" data-widget_type=\"text-editor.default\">\n\t\t\t\t\t\t\t\t\t<h3><b>WIR BEVORZUGEN EINE AUSWAHL GROSSEN MENGEN<\/b><\/h3><p>Unser Ziel ist es, sizilianische Trauben h\u00f6chster Qualit\u00e4t anzubieten und dabei h\u00f6chste Qualit\u00e4tsstandards zu wahren. Um dies zu erreichen, w\u00e4hlen wir nur die besten Trauben direkt vom Rebstock aus. Wir pflegen eine Tradition, die eine ganze Region pr\u00e4gt, die sich seit jeher dem Anbau von Tafeltrauben widmet. <\/p><p>Wir sind auch der europ\u00e4ische Bezugspunkt f\u00fcr fr\u00fche sizilianische Rebsorten und antizipieren den Markt mit fr\u00fchen, schmackhaften und nachhaltigen Sorten.<\/p>\t\t\t\t\t\t\t\t<\/div>\n\t\t\t\t<\/div>\n\t\t<div class=\"elementor-element elementor-element-01a5451 e-con-full e-flex e-con e-child\" data-id=\"01a5451\" data-element_type=\"container\" data-e-type=\"container\">\n\t\t\t\t<div class=\"elementor-element elementor-element-a1e250f elementor-widget__width-inherit elementor-widget elementor-widget-image\" data-id=\"a1e250f\" data-element_type=\"widget\" data-e-type=\"widget\" data-widget_type=\"image.default\">\n\t\t\t\t\t\t\t\t\t\t\t\t\t\t\t<img decoding=\"async\" width=\"468\" height=\"351\" src=\"https:\/\/sia-group.it\/wp-content\/uploads\/2025\/08\/aLaTERR2.jpg\" class=\"attachment-large size-large wp-image-1613\" alt=\"\" srcset=\"https:\/\/sia-group.it\/wp-content\/uploads\/2025\/08\/aLaTERR2.jpg 468w, https:\/\/sia-group.it\/wp-content\/uploads\/2025\/08\/aLaTERR2-300x225.jpg 300w\" sizes=\"(max-width: 468px) 100vw, 468px\" \/>\t\t\t\t\t\t\t\t\t\t\t\t\t\t\t<\/div>\n\t\t\t\t<\/div>\n\t\t\t\t\t<\/div>\n\t\t\t\t<\/div>\n\t\t<div class=\"elementor-element elementor-element-1ed8bda e-flex e-con-boxed e-con e-parent\" data-id=\"1ed8bda\" data-element_type=\"container\" data-e-type=\"container\">\n\t\t\t\t\t<div class=\"e-con-inner\">\n\t\t\t\t<div class=\"elementor-element elementor-element-5925435 elementor-widget elementor-widget-heading\" data-id=\"5925435\" data-element_type=\"widget\" data-e-type=\"widget\" data-widget_type=\"heading.default\">\n\t\t\t\t\t<h3 class=\"elementor-heading-title elementor-size-default\">Unser Produktionsunternehmen\n<\/h3>\t\t\t\t<\/div>\n\t\t<div class=\"elementor-element elementor-element-f524425 e-con-full e-flex e-con e-child\" data-id=\"f524425\" data-element_type=\"container\" data-e-type=\"container\">\n\t\t\t\t<div class=\"elementor-element elementor-element-975c14e elementor-widget elementor-widget-image\" data-id=\"975c14e\" data-element_type=\"widget\" data-e-type=\"widget\" data-widget_type=\"image.default\">\n\t\t\t\t\t\t\t\t\t\t\t\t\t\t\t<img decoding=\"async\" src=\"https:\/\/sia-group.it\/wp-content\/plugins\/elementor\/assets\/images\/placeholder.png\" title=\"\" alt=\"\" loading=\"lazy\" \/>\t\t\t\t\t\t\t\t\t\t\t\t\t\t\t<\/div>\n\t\t\t\t<\/div>\n\t\t\t\t<div class=\"elementor-element elementor-element-2dcb474 elementor-widget elementor-widget-heading\" data-id=\"2dcb474\" data-element_type=\"widget\" data-e-type=\"widget\" data-widget_type=\"heading.default\">\n\t\t\t\t\t<h3 class=\"elementor-heading-title elementor-size-default\">Unsere Produktionsmarken\n<\/h3>\t\t\t\t<\/div>\n\t\t<div class=\"elementor-element elementor-element-0b62a56 e-con-full e-flex e-con e-child\" data-id=\"0b62a56\" data-element_type=\"container\" data-e-type=\"container\">\n\t\t\t\t<div class=\"elementor-element elementor-element-3ffd803 elementor-widget elementor-widget-image\" data-id=\"3ffd803\" data-element_type=\"widget\" data-e-type=\"widget\" data-widget_type=\"image.default\">\n\t\t\t\t\t\t\t\t\t\t\t\t\t\t\t<img decoding=\"async\" src=\"https:\/\/sia-group.it\/wp-content\/plugins\/elementor\/assets\/images\/placeholder.png\" title=\"\" alt=\"\" loading=\"lazy\" \/>\t\t\t\t\t\t\t\t\t\t\t\t\t\t\t<\/div>\n\t\t\t\t<div class=\"elementor-element elementor-element-0aedb79 elementor-widget elementor-widget-image\" data-id=\"0aedb79\" data-element_type=\"widget\" data-e-type=\"widget\" data-widget_type=\"image.default\">\n\t\t\t\t\t\t\t\t\t\t\t\t\t\t\t<img decoding=\"async\" src=\"https:\/\/sia-group.it\/wp-content\/plugins\/elementor\/assets\/images\/placeholder.png\" title=\"\" alt=\"\" loading=\"lazy\" \/>\t\t\t\t\t\t\t\t\t\t\t\t\t\t\t<\/div>\n\t\t\t\t<div class=\"elementor-element elementor-element-6250555 elementor-widget elementor-widget-image\" data-id=\"6250555\" data-element_type=\"widget\" data-e-type=\"widget\" data-widget_type=\"image.default\">\n\t\t\t\t\t\t\t\t\t\t\t\t\t\t\t<img decoding=\"async\" src=\"https:\/\/sia-group.it\/wp-content\/plugins\/elementor\/assets\/images\/placeholder.png\" title=\"\" alt=\"\" loading=\"lazy\" \/>\t\t\t\t\t\t\t\t\t\t\t\t\t\t\t<\/div>\n\t\t\t\t<div class=\"elementor-element elementor-element-abd6cf0 elementor-widget elementor-widget-image\" data-id=\"abd6cf0\" data-element_type=\"widget\" data-e-type=\"widget\" data-widget_type=\"image.default\">\n\t\t\t\t\t\t\t\t\t\t\t\t\t\t\t<img decoding=\"async\" src=\"https:\/\/sia-group.it\/wp-content\/plugins\/elementor\/assets\/images\/placeholder.png\" title=\"\" alt=\"\" loading=\"lazy\" \/>\t\t\t\t\t\t\t\t\t\t\t\t\t\t\t<\/div>\n\t\t\t\t<\/div>\n\t\t\t\t\t<\/div>\n\t\t\t\t<\/div>\n\t\t<div class=\"elementor-element elementor-element-69dad9b e-flex e-con-boxed e-con e-parent\" data-id=\"69dad9b\" data-element_type=\"container\" data-e-type=\"container\">\n\t\t\t\t\t<div class=\"e-con-inner\">\n\t\t\t\t<div class=\"elementor-element elementor-element-a340189 elementor-widget elementor-widget-text-editor\" data-id=\"a340189\" data-element_type=\"widget\" data-e-type=\"widget\" data-widget_type=\"text-editor.default\">\n\t\t\t\t\t\t\t\t\t<h3><i><span style=\"font-weight: 400;\">M\u00f6chten Sie direkt mit uns sprechen? <\/span><\/i><i><span style=\"font-weight: 400;\">Contattaci <\/span><\/i><\/h3>\t\t\t\t\t\t\t\t<\/div>\n\t\t\t\t\t<\/div>\n\t\t\t\t<\/div>\n\t\t\t\t<\/div>\n\t\t","protected":false},"excerpt":{"rendered":"<p>Sia Group ist die Weiterentwicklung der Uva Cristina, ber\u00fchmt in Italien und Europa https:\/\/sia-group.it\/wp-content\/uploads\/2025\/08\/Sia-group.mp4-1.mp4#t=2 SiaGroup entstand im Jahr 2012 mit einer nat\u00fcrlichen Weiterentwicklung im M\u00e4rz Uva Cristina, ber\u00fchmt auf italienischen und europ\u00e4ischen M\u00e4rkten f\u00fcr ihre hohe Qualit\u00e4t. F\u00fcr den Verkauf in Italien und Europa in erster Linie w\u00e4hlen Sie Grappolo f\u00fcr Grappolo direkt von der [&hellip;]<\/p>\n","protected":false},"author":1,"featured_media":0,"parent":0,"menu_order":0,"comment_status":"closed","ping_status":"closed","template":"","meta":{"_acf_changed":false,"footnotes":""},"class_list":["post-1632","page","type-page","status-publish","hentry"],"acf":[],"_links":{"self":[{"href":"https:\/\/sia-group.it\/de\/wp-json\/wp\/v2\/pages\/1632","targetHints":{"allow":["GET"]}}],"collection":[{"href":"https:\/\/sia-group.it\/de\/wp-json\/wp\/v2\/pages"}],"about":[{"href":"https:\/\/sia-group.it\/de\/wp-json\/wp\/v2\/types\/page"}],"author":[{"embeddable":true,"href":"https:\/\/sia-group.it\/de\/wp-json\/wp\/v2\/users\/1"}],"replies":[{"embeddable":true,"href":"https:\/\/sia-group.it\/de\/wp-json\/wp\/v2\/comments?post=1632"}],"version-history":[{"count":7,"href":"https:\/\/sia-group.it\/de\/wp-json\/wp\/v2\/pages\/1632\/revisions"}],"predecessor-version":[{"id":1722,"href":"https:\/\/sia-group.it\/de\/wp-json\/wp\/v2\/pages\/1632\/revisions\/1722"}],"wp:attachment":[{"href":"https:\/\/sia-group.it\/de\/wp-json\/wp\/v2\/media?parent=1632"}],"curies":[{"name":"wp","href":"https:\/\/api.w.org\/{rel}","templated":true}]}}