{"id":1513,"date":"2025-08-25T17:44:59","date_gmt":"2025-08-25T17:44:59","guid":{"rendered":"https:\/\/sia-group.it\/quienes-somos\/"},"modified":"2026-04-13T16:20:52","modified_gmt":"2026-04-13T16:20:52","slug":"quienes-somos","status":"publish","type":"page","link":"https:\/\/sia-group.it\/es\/quienes-somos\/","title":{"rendered":"Qui\u00e9nes somos"},"content":{"rendered":"\t\t<div data-elementor-type=\"wp-page\" data-elementor-id=\"1513\" class=\"elementor elementor-1513 elementor-136\" data-elementor-post-type=\"page\">\n\t\t\t\t<div class=\"elementor-element elementor-element-ca0de04 e-flex e-con-boxed e-con e-parent\" data-id=\"ca0de04\" data-element_type=\"container\" data-e-type=\"container\" data-settings=\"{&quot;background_background&quot;:&quot;classic&quot;}\">\n\t\t\t\t\t<div class=\"e-con-inner\">\n\t\t<div class=\"elementor-element elementor-element-3bbd08d e-con-full e-flex e-con e-child\" data-id=\"3bbd08d\" data-element_type=\"container\" data-e-type=\"container\">\n\t\t\t\t<div class=\"elementor-element elementor-element-cad37e9 elementor-widget elementor-widget-heading\" data-id=\"cad37e9\" data-element_type=\"widget\" data-e-type=\"widget\" data-widget_type=\"heading.default\">\n\t\t\t\t\t<h1 class=\"elementor-heading-title elementor-size-default\">Qui\u00e9nes somos<\/h1>\t\t\t\t<\/div>\n\t\t\t\t<div class=\"elementor-element elementor-element-41d7498 elementor-widget elementor-widget-heading\" data-id=\"41d7498\" data-element_type=\"widget\" data-e-type=\"widget\" data-widget_type=\"heading.default\">\n\t\t\t\t\t<h3 class=\"elementor-heading-title elementor-size-default\">Sia Group es la evoluci\u00f3n de Uva Cristina, famosa en Italia y en Europa<\/h3>\t\t\t\t<\/div>\n\t\t\t\t<\/div>\n\t\t\t\t\t<\/div>\n\t\t\t\t<\/div>\n\t\t<div class=\"elementor-element elementor-element-567714d e-flex e-con-boxed e-con e-parent\" data-id=\"567714d\" data-element_type=\"container\" data-e-type=\"container\">\n\t\t\t\t\t<div class=\"e-con-inner\">\n\t\t<div class=\"elementor-element elementor-element-ff3baac e-con-full e-flex e-con e-child\" data-id=\"ff3baac\" data-element_type=\"container\" data-e-type=\"container\">\n\t\t\t\t<div class=\"elementor-element elementor-element-384e149 elementor-widget elementor-widget-video\" data-id=\"384e149\" data-element_type=\"widget\" data-e-type=\"widget\" data-settings=\"{&quot;video_type&quot;:&quot;hosted&quot;,&quot;start&quot;:2,&quot;controls&quot;:&quot;yes&quot;}\" data-widget_type=\"video.default\">\n\t\t\t\t\t\t\t<div class=\"e-hosted-video elementor-wrapper elementor-open-inline\">\n\t\t\t\t\t<video class=\"elementor-video\" src=\"https:\/\/sia-group.it\/wp-content\/uploads\/2025\/08\/Sia-group.mp4-1.mp4#t=2\" controls=\"\" preload=\"metadata\" controlsList=\"nodownload\"><\/video>\n\t\t\t\t<\/div>\n\t\t\t\t\t\t<\/div>\n\t\t\t\t<\/div>\n\t\t<div class=\"elementor-element elementor-element-c472b11 e-con-full e-flex e-con e-child\" data-id=\"c472b11\" data-element_type=\"container\" data-e-type=\"container\">\n\t\t\t\t<div class=\"elementor-element elementor-element-ce136cf elementor-widget elementor-widget-text-editor\" data-id=\"ce136cf\" data-element_type=\"widget\" data-e-type=\"widget\" data-widget_type=\"text-editor.default\">\n\t\t\t\t\t\t\t\t\t<div class=\"vc_separator wpb_content_element vc_separator_align_left vc_sep_width_100 vc_sep_pos_align_center vc_sep_color_grey vc_separator-has-text\">\n<p><b>SiaGroup <\/b><span style=\"font-weight: 400;\">nace en 2012 como evoluci\u00f3n natural de la <\/span><b>marca Uva Cristina<\/b><span style=\"font-weight: 400;\">, famosa en los mercados italianos y europeos por su alta calidad. Vendemos en<b> Italia<\/b> y en <b>Europa <\/b><strong>uva siciliana<\/strong> <strong>de primera calidad<\/strong>, seleccionada racimo a racimo directamente de la planta. Nuestro punto fuerte son las variedades <b>tempranas<\/b>, como la <b>Vittoria<\/b> y la <b>Black Magic<\/b>.<\/span><\/p>\n<p><span style=\"font-weight: 400;\">\u00bfSab\u00e9is de d\u00f3nde viene \u201c<\/span><b>uva Cristina<\/b><span style=\"font-weight: 400;\">\u201d? Del nombre de nuestra abuela, fundadora junto con nuestro abuelo de la primera empresa.&nbsp;<\/span><\/p>\n<\/div>\t\t\t\t\t\t\t\t<\/div>\n\t\t\t\t<div class=\"elementor-element elementor-element-82520e3 elementor-widget elementor-widget-image\" data-id=\"82520e3\" data-element_type=\"widget\" data-e-type=\"widget\" data-widget_type=\"image.default\">\n\t\t\t\t\t\t\t\t\t\t\t\t\t\t\t<img fetchpriority=\"high\" decoding=\"async\" width=\"300\" height=\"300\" src=\"https:\/\/sia-group.it\/wp-content\/uploads\/2025\/08\/GLOBALGAP-Logo-300x300.png\" class=\"attachment-medium size-medium wp-image-1518\" alt=\"\" srcset=\"https:\/\/sia-group.it\/wp-content\/uploads\/2025\/08\/GLOBALGAP-Logo-300x300.png 300w, https:\/\/sia-group.it\/wp-content\/uploads\/2025\/08\/GLOBALGAP-Logo-150x150.png 150w, https:\/\/sia-group.it\/wp-content\/uploads\/2025\/08\/GLOBALGAP-Logo.png 350w\" sizes=\"(max-width: 300px) 100vw, 300px\" \/>\t\t\t\t\t\t\t\t\t\t\t\t\t\t\t<\/div>\n\t\t\t\t<\/div>\n\t\t\t\t\t<\/div>\n\t\t\t\t<\/div>\n\t\t<div class=\"elementor-element elementor-element-046dbe1 e-flex e-con-boxed e-con e-parent\" data-id=\"046dbe1\" data-element_type=\"container\" data-e-type=\"container\">\n\t\t\t\t\t<div class=\"e-con-inner\">\n\t\t<div class=\"elementor-element elementor-element-8c59cc4 e-con-full e-flex e-con e-child\" data-id=\"8c59cc4\" data-element_type=\"container\" data-e-type=\"container\">\n\t\t\t\t<div class=\"elementor-element elementor-element-909bdb5 elementor-widget elementor-widget-image\" data-id=\"909bdb5\" data-element_type=\"widget\" data-e-type=\"widget\" data-widget_type=\"image.default\">\n\t\t\t\t\t\t\t\t\t\t\t\t\t\t\t<img decoding=\"async\" width=\"800\" height=\"450\" src=\"https:\/\/sia-group.it\/wp-content\/uploads\/2025\/08\/vlcsnap-2025-08-26-23h39m33s393.webp\" class=\"attachment-large size-large wp-image-1519\" alt=\"\" srcset=\"https:\/\/sia-group.it\/wp-content\/uploads\/2025\/08\/vlcsnap-2025-08-26-23h39m33s393.webp 854w, https:\/\/sia-group.it\/wp-content\/uploads\/2025\/08\/vlcsnap-2025-08-26-23h39m33s393-300x169.webp 300w, https:\/\/sia-group.it\/wp-content\/uploads\/2025\/08\/vlcsnap-2025-08-26-23h39m33s393-768x432.webp 768w\" sizes=\"(max-width: 800px) 100vw, 800px\" \/>\t\t\t\t\t\t\t\t\t\t\t\t\t\t\t<\/div>\n\t\t\t\t<\/div>\n\t\t<div class=\"elementor-element elementor-element-685b53c e-con-full e-flex e-con e-child\" data-id=\"685b53c\" data-element_type=\"container\" data-e-type=\"container\">\n\t\t\t\t<div class=\"elementor-element elementor-element-0eac334 elementor-widget elementor-widget-text-editor\" data-id=\"0eac334\" data-element_type=\"widget\" data-e-type=\"widget\" data-widget_type=\"text-editor.default\">\n\t\t\t\t\t\t\t\t\t<h3><b>LA ZONA DE MAZZARRONE IGP\u00a0\u00a0<\/b><\/h3><p><span style=\"font-weight: 400;\">Trabajamos y compramos uva solo en el coraz\u00f3n del sureste de Sicilia, en las zonas de <\/span><b>Mazzarrone IGP<\/b><span style=\"font-weight: 400;\"> y <\/span><b>Canicatt\u00ec<\/b><span style=\"font-weight: 400;\">: \u00e1reas especialmente aptas para la viticultura de mesa. Aqu\u00ed el sol, la amplitud t\u00e9rmica y el suelo arenoso dan vida a <strong>racimos de sabor aut\u00e9ntico<\/strong> y de <strong>calidad superior.<\/strong><\/span><\/p>\t\t\t\t\t\t\t\t<\/div>\n\t\t\t\t<\/div>\n\t\t\t\t\t<\/div>\n\t\t\t\t<\/div>\n\t\t<div class=\"elementor-element elementor-element-c9bc32d e-flex e-con-boxed e-con e-parent\" data-id=\"c9bc32d\" data-element_type=\"container\" data-e-type=\"container\">\n\t\t\t\t\t<div class=\"e-con-inner\">\n\t\t<div class=\"elementor-element elementor-element-462f863 e-con-full e-flex e-con e-child\" data-id=\"462f863\" data-element_type=\"container\" data-e-type=\"container\">\n\t\t\t\t<div class=\"elementor-element elementor-element-92c053c elementor-widget elementor-widget-text-editor\" data-id=\"92c053c\" data-element_type=\"widget\" data-e-type=\"widget\" data-widget_type=\"text-editor.default\">\n\t\t\t\t\t\t\t\t\t<h3><b>FRENTE A LOS GRANDES VOL\u00daMENES, PREFERIMOS LA SELECCI\u00d3N<\/b><\/h3><p><span style=\"font-weight: 400;\">Ofrecer <\/span><b>uva siciliana de primera calidad<\/b><span style=\"font-weight: 400;\">, manteniendo <\/span><b>est\u00e1ndares de calidad muy altos<\/b><span style=\"font-weight: 400;\"> es nuestra misi\u00f3n. Para ello nos dedicamos a seleccionar los racimos directamente de la planta, escogiendo solo los mejores. Custodiamos una tradici\u00f3n que abarca todo un territorio, hist\u00f3ricamente dedicado al cultivo de la uva de mesa.\u00a0<\/span><\/p><p><span style=\"font-weight: 400;\">Adem\u00e1s somos el punto de referencia europeo para <\/span><b>la uva siciliana temprana<\/b><span style=\"font-weight: 400;\">, adelant\u00e1ndonos al mercado con variedades precoces, sabrosas y sostenibles<\/span><span style=\"font-weight: 400;\">.<\/span><\/p>\t\t\t\t\t\t\t\t<\/div>\n\t\t\t\t<\/div>\n\t\t<div class=\"elementor-element elementor-element-01a5451 e-con-full e-flex e-con e-child\" data-id=\"01a5451\" data-element_type=\"container\" data-e-type=\"container\">\n\t\t\t\t<div class=\"elementor-element elementor-element-a1e250f elementor-widget__width-inherit elementor-widget elementor-widget-image\" data-id=\"a1e250f\" data-element_type=\"widget\" data-e-type=\"widget\" data-widget_type=\"image.default\">\n\t\t\t\t\t\t\t\t\t\t\t\t\t\t\t<img decoding=\"async\" width=\"468\" height=\"351\" src=\"https:\/\/sia-group.it\/wp-content\/uploads\/2025\/08\/aLaTERR2.jpg\" class=\"attachment-large size-large wp-image-1520\" alt=\"\" srcset=\"https:\/\/sia-group.it\/wp-content\/uploads\/2025\/08\/aLaTERR2.jpg 468w, https:\/\/sia-group.it\/wp-content\/uploads\/2025\/08\/aLaTERR2-300x225.jpg 300w\" sizes=\"(max-width: 468px) 100vw, 468px\" \/>\t\t\t\t\t\t\t\t\t\t\t\t\t\t\t<\/div>\n\t\t\t\t<\/div>\n\t\t\t\t\t<\/div>\n\t\t\t\t<\/div>\n\t\t<div class=\"elementor-element elementor-element-1ed8bda e-flex e-con-boxed e-con e-parent\" data-id=\"1ed8bda\" data-element_type=\"container\" data-e-type=\"container\">\n\t\t\t\t\t<div class=\"e-con-inner\">\n\t\t\t\t<div class=\"elementor-element elementor-element-5925435 elementor-widget elementor-widget-heading\" data-id=\"5925435\" data-element_type=\"widget\" data-e-type=\"widget\" data-widget_type=\"heading.default\">\n\t\t\t\t\t<h3 class=\"elementor-heading-title elementor-size-default\">Nuestra empresa productora\n<\/h3>\t\t\t\t<\/div>\n\t\t<div class=\"elementor-element elementor-element-f524425 e-con-full e-flex e-con e-child\" data-id=\"f524425\" data-element_type=\"container\" data-e-type=\"container\">\n\t\t\t\t<div class=\"elementor-element elementor-element-975c14e elementor-widget elementor-widget-image\" data-id=\"975c14e\" data-element_type=\"widget\" data-e-type=\"widget\" data-widget_type=\"image.default\">\n\t\t\t\t\t\t\t\t\t\t\t\t\t\t\t<img decoding=\"async\" src=\"https:\/\/sia-group.it\/wp-content\/plugins\/elementor\/assets\/images\/placeholder.png\" title=\"\" alt=\"\" loading=\"lazy\" \/>\t\t\t\t\t\t\t\t\t\t\t\t\t\t\t<\/div>\n\t\t\t\t<\/div>\n\t\t\t\t<div class=\"elementor-element elementor-element-2dcb474 elementor-widget elementor-widget-heading\" data-id=\"2dcb474\" data-element_type=\"widget\" data-e-type=\"widget\" data-widget_type=\"heading.default\">\n\t\t\t\t\t<h3 class=\"elementor-heading-title elementor-size-default\">Nuestras marcas de producci\u00f3n\n<\/h3>\t\t\t\t<\/div>\n\t\t<div class=\"elementor-element elementor-element-0b62a56 e-con-full e-flex e-con e-child\" data-id=\"0b62a56\" data-element_type=\"container\" data-e-type=\"container\">\n\t\t\t\t<div class=\"elementor-element elementor-element-3ffd803 elementor-widget elementor-widget-image\" data-id=\"3ffd803\" data-element_type=\"widget\" data-e-type=\"widget\" data-widget_type=\"image.default\">\n\t\t\t\t\t\t\t\t\t\t\t\t\t\t\t<img decoding=\"async\" src=\"https:\/\/sia-group.it\/wp-content\/plugins\/elementor\/assets\/images\/placeholder.png\" title=\"\" alt=\"\" loading=\"lazy\" \/>\t\t\t\t\t\t\t\t\t\t\t\t\t\t\t<\/div>\n\t\t\t\t<div class=\"elementor-element elementor-element-0aedb79 elementor-widget elementor-widget-image\" data-id=\"0aedb79\" data-element_type=\"widget\" data-e-type=\"widget\" data-widget_type=\"image.default\">\n\t\t\t\t\t\t\t\t\t\t\t\t\t\t\t<img decoding=\"async\" src=\"https:\/\/sia-group.it\/wp-content\/plugins\/elementor\/assets\/images\/placeholder.png\" title=\"\" alt=\"\" loading=\"lazy\" \/>\t\t\t\t\t\t\t\t\t\t\t\t\t\t\t<\/div>\n\t\t\t\t<div class=\"elementor-element elementor-element-6250555 elementor-widget elementor-widget-image\" data-id=\"6250555\" data-element_type=\"widget\" data-e-type=\"widget\" data-widget_type=\"image.default\">\n\t\t\t\t\t\t\t\t\t\t\t\t\t\t\t<img decoding=\"async\" src=\"https:\/\/sia-group.it\/wp-content\/plugins\/elementor\/assets\/images\/placeholder.png\" title=\"\" alt=\"\" loading=\"lazy\" \/>\t\t\t\t\t\t\t\t\t\t\t\t\t\t\t<\/div>\n\t\t\t\t<div class=\"elementor-element elementor-element-abd6cf0 elementor-widget elementor-widget-image\" data-id=\"abd6cf0\" data-element_type=\"widget\" data-e-type=\"widget\" data-widget_type=\"image.default\">\n\t\t\t\t\t\t\t\t\t\t\t\t\t\t\t<img decoding=\"async\" src=\"https:\/\/sia-group.it\/wp-content\/plugins\/elementor\/assets\/images\/placeholder.png\" title=\"\" alt=\"\" loading=\"lazy\" \/>\t\t\t\t\t\t\t\t\t\t\t\t\t\t\t<\/div>\n\t\t\t\t<\/div>\n\t\t\t\t\t<\/div>\n\t\t\t\t<\/div>\n\t\t<div class=\"elementor-element elementor-element-69dad9b e-flex e-con-boxed e-con e-parent\" data-id=\"69dad9b\" data-element_type=\"container\" data-e-type=\"container\">\n\t\t\t\t\t<div class=\"e-con-inner\">\n\t\t\t\t<div class=\"elementor-element elementor-element-a340189 elementor-widget elementor-widget-text-editor\" data-id=\"a340189\" data-element_type=\"widget\" data-e-type=\"widget\" data-widget_type=\"text-editor.default\">\n\t\t\t\t\t\t\t\t\t<h3><i><span style=\"font-weight: 400;\">\u00bfQuieres hablar directamente con nosotros? <\/span><\/i><i><span style=\"font-weight: 400;\">Cont\u00e1ctanos\u00a0<\/span><\/i><\/h3>\t\t\t\t\t\t\t\t<\/div>\n\t\t\t\t\t<\/div>\n\t\t\t\t<\/div>\n\t\t\t\t<\/div>\n\t\t","protected":false},"excerpt":{"rendered":"<p>Sia Group es la evoluci\u00f3n de Uva Cristina, famosa en Italia y en Europa https:\/\/sia-group.it\/wp-content\/uploads\/2025\/08\/Sia-group.mp4-1.mp4#t=2 SiaGroup nace en 2012 como evoluci\u00f3n natural de la marca Uva Cristina, famosa en los mercados italianos y europeos por su alta calidad. Vendemos en Italia y en Europa uva siciliana de primera calidad, seleccionada racimo a racimo directamente de [&hellip;]<\/p>\n","protected":false},"author":1,"featured_media":0,"parent":0,"menu_order":0,"comment_status":"closed","ping_status":"closed","template":"","meta":{"_acf_changed":false,"footnotes":""},"class_list":["post-1513","page","type-page","status-publish","hentry"],"acf":[],"_links":{"self":[{"href":"https:\/\/sia-group.it\/es\/wp-json\/wp\/v2\/pages\/1513","targetHints":{"allow":["GET"]}}],"collection":[{"href":"https:\/\/sia-group.it\/es\/wp-json\/wp\/v2\/pages"}],"about":[{"href":"https:\/\/sia-group.it\/es\/wp-json\/wp\/v2\/types\/page"}],"author":[{"embeddable":true,"href":"https:\/\/sia-group.it\/es\/wp-json\/wp\/v2\/users\/1"}],"replies":[{"embeddable":true,"href":"https:\/\/sia-group.it\/es\/wp-json\/wp\/v2\/comments?post=1513"}],"version-history":[{"count":1,"href":"https:\/\/sia-group.it\/es\/wp-json\/wp\/v2\/pages\/1513\/revisions"}],"predecessor-version":[{"id":1522,"href":"https:\/\/sia-group.it\/es\/wp-json\/wp\/v2\/pages\/1513\/revisions\/1522"}],"wp:attachment":[{"href":"https:\/\/sia-group.it\/es\/wp-json\/wp\/v2\/media?parent=1513"}],"curies":[{"name":"wp","href":"https:\/\/api.w.org\/{rel}","templated":true}]}}