{"id":1349,"date":"2025-08-25T17:44:59","date_gmt":"2025-08-25T17:44:59","guid":{"rendered":"https:\/\/sia-group.it\/qui-sommes-nous\/"},"modified":"2026-04-13T15:29:21","modified_gmt":"2026-04-13T15:29:21","slug":"qui-sommes-nous","status":"publish","type":"page","link":"https:\/\/sia-group.it\/fr\/qui-sommes-nous\/","title":{"rendered":"Qui sommes-nous"},"content":{"rendered":"\t\t<div data-elementor-type=\"wp-page\" data-elementor-id=\"1349\" class=\"elementor elementor-1349 elementor-136\" data-elementor-post-type=\"page\">\n\t\t\t\t<div class=\"elementor-element elementor-element-ca0de04 e-flex e-con-boxed e-con e-parent\" data-id=\"ca0de04\" data-element_type=\"container\" data-e-type=\"container\" data-settings=\"{&quot;background_background&quot;:&quot;classic&quot;}\">\n\t\t\t\t\t<div class=\"e-con-inner\">\n\t\t<div class=\"elementor-element elementor-element-3bbd08d e-con-full e-flex e-con e-child\" data-id=\"3bbd08d\" data-element_type=\"container\" data-e-type=\"container\">\n\t\t\t\t<div class=\"elementor-element elementor-element-cad37e9 elementor-widget elementor-widget-heading\" data-id=\"cad37e9\" data-element_type=\"widget\" data-e-type=\"widget\" data-widget_type=\"heading.default\">\n\t\t\t\t\t<h1 class=\"elementor-heading-title elementor-size-default\">Qui sommes-nous<\/h1>\t\t\t\t<\/div>\n\t\t\t\t<div class=\"elementor-element elementor-element-41d7498 elementor-widget elementor-widget-heading\" data-id=\"41d7498\" data-element_type=\"widget\" data-e-type=\"widget\" data-widget_type=\"heading.default\">\n\t\t\t\t\t<h3 class=\"elementor-heading-title elementor-size-default\">Sia Group est l\u2019\u00e9volution de l\u2019Uva Cristina, c\u00e9l\u00e8bre en Italie et en Europe<\/h3>\t\t\t\t<\/div>\n\t\t\t\t<\/div>\n\t\t\t\t\t<\/div>\n\t\t\t\t<\/div>\n\t\t<div class=\"elementor-element elementor-element-567714d e-flex e-con-boxed e-con e-parent\" data-id=\"567714d\" data-element_type=\"container\" data-e-type=\"container\">\n\t\t\t\t\t<div class=\"e-con-inner\">\n\t\t<div class=\"elementor-element elementor-element-ff3baac e-con-full e-flex e-con e-child\" data-id=\"ff3baac\" data-element_type=\"container\" data-e-type=\"container\">\n\t\t\t\t<div class=\"elementor-element elementor-element-384e149 elementor-widget elementor-widget-video\" data-id=\"384e149\" data-element_type=\"widget\" data-e-type=\"widget\" data-settings=\"{&quot;video_type&quot;:&quot;hosted&quot;,&quot;start&quot;:2,&quot;controls&quot;:&quot;yes&quot;}\" data-widget_type=\"video.default\">\n\t\t\t\t\t\t\t<div class=\"e-hosted-video elementor-wrapper elementor-open-inline\">\n\t\t\t\t\t<video class=\"elementor-video\" src=\"https:\/\/sia-group.it\/wp-content\/uploads\/2025\/08\/Sia-group.mp4-1.mp4#t=2\" controls=\"\" preload=\"metadata\" controlsList=\"nodownload\"><\/video>\n\t\t\t\t<\/div>\n\t\t\t\t\t\t<\/div>\n\t\t\t\t<\/div>\n\t\t<div class=\"elementor-element elementor-element-c472b11 e-con-full e-flex e-con e-child\" data-id=\"c472b11\" data-element_type=\"container\" data-e-type=\"container\">\n\t\t\t\t<div class=\"elementor-element elementor-element-ce136cf elementor-widget elementor-widget-text-editor\" data-id=\"ce136cf\" data-element_type=\"widget\" data-e-type=\"widget\" data-widget_type=\"text-editor.default\">\n\t\t\t\t\t\t\t\t\t<div class=\"vc_separator wpb_content_element vc_separator_align_left vc_sep_width_100 vc_sep_pos_align_center vc_sep_color_grey vc_separator-has-text\">\n<p><b>SiaGroup <\/b><span style=\"font-weight: 400;\">est n\u00e9e en 2012 comme l\u2019\u00e9volution naturelle de la <\/span><b>marque Uva Cristina<\/b><span style=\"font-weight: 400;\">, c\u00e9l\u00e8bre sur les march\u00e9s italiens et europ\u00e9ens pour sa haute qualit\u00e9. Nous vendons en<b> Italie<\/b> et en <b>Europe <\/b>du <strong>raisin sicilien<\/strong> <strong>de premier choix<\/strong>, s\u00e9lectionn\u00e9 grappe par grappe directement sur la vigne. Notre point fort r\u00e9side dans les vari\u00e9t\u00e9s <b>primeurs<\/b>, comme la <b>Vittoria<\/b> et la <b>Black Magic<\/b>.<\/span><\/p>\n<p><span style=\"font-weight: 400;\">Savez-vous d\u2019o\u00f9 vient \u201c<\/span><b>uva Cristina<\/b><span style=\"font-weight: 400;\">\u201d ? Du pr\u00e9nom de notre grand-m\u00e8re, fondatrice avec notre grand-p\u00e8re de la premi\u00e8re entreprise.&nbsp;<\/span><\/p>\n<\/div>\t\t\t\t\t\t\t\t<\/div>\n\t\t\t\t<div class=\"elementor-element elementor-element-82520e3 elementor-widget elementor-widget-image\" data-id=\"82520e3\" data-element_type=\"widget\" data-e-type=\"widget\" data-widget_type=\"image.default\">\n\t\t\t\t\t\t\t\t\t\t\t\t\t\t\t<img fetchpriority=\"high\" decoding=\"async\" width=\"300\" height=\"300\" src=\"https:\/\/sia-group.it\/wp-content\/uploads\/2025\/08\/GLOBALGAP-Logo-300x300.png\" class=\"attachment-medium size-medium wp-image-1354\" alt=\"\" srcset=\"https:\/\/sia-group.it\/wp-content\/uploads\/2025\/08\/GLOBALGAP-Logo-300x300.png 300w, https:\/\/sia-group.it\/wp-content\/uploads\/2025\/08\/GLOBALGAP-Logo-150x150.png 150w, https:\/\/sia-group.it\/wp-content\/uploads\/2025\/08\/GLOBALGAP-Logo.png 350w\" sizes=\"(max-width: 300px) 100vw, 300px\" \/>\t\t\t\t\t\t\t\t\t\t\t\t\t\t\t<\/div>\n\t\t\t\t<\/div>\n\t\t\t\t\t<\/div>\n\t\t\t\t<\/div>\n\t\t<div class=\"elementor-element elementor-element-046dbe1 e-flex e-con-boxed e-con e-parent\" data-id=\"046dbe1\" data-element_type=\"container\" data-e-type=\"container\">\n\t\t\t\t\t<div class=\"e-con-inner\">\n\t\t<div class=\"elementor-element elementor-element-8c59cc4 e-con-full e-flex e-con e-child\" data-id=\"8c59cc4\" data-element_type=\"container\" data-e-type=\"container\">\n\t\t\t\t<div class=\"elementor-element elementor-element-909bdb5 elementor-widget elementor-widget-image\" data-id=\"909bdb5\" data-element_type=\"widget\" data-e-type=\"widget\" data-widget_type=\"image.default\">\n\t\t\t\t\t\t\t\t\t\t\t\t\t\t\t<img decoding=\"async\" width=\"800\" height=\"450\" src=\"https:\/\/sia-group.it\/wp-content\/uploads\/2025\/08\/vlcsnap-2025-08-26-23h39m33s393.webp\" class=\"attachment-large size-large wp-image-1344\" alt=\"\" srcset=\"https:\/\/sia-group.it\/wp-content\/uploads\/2025\/08\/vlcsnap-2025-08-26-23h39m33s393.webp 854w, https:\/\/sia-group.it\/wp-content\/uploads\/2025\/08\/vlcsnap-2025-08-26-23h39m33s393-300x169.webp 300w, https:\/\/sia-group.it\/wp-content\/uploads\/2025\/08\/vlcsnap-2025-08-26-23h39m33s393-768x432.webp 768w\" sizes=\"(max-width: 800px) 100vw, 800px\" \/>\t\t\t\t\t\t\t\t\t\t\t\t\t\t\t<\/div>\n\t\t\t\t<\/div>\n\t\t<div class=\"elementor-element elementor-element-685b53c e-con-full e-flex e-con e-child\" data-id=\"685b53c\" data-element_type=\"container\" data-e-type=\"container\">\n\t\t\t\t<div class=\"elementor-element elementor-element-0eac334 elementor-widget elementor-widget-text-editor\" data-id=\"0eac334\" data-element_type=\"widget\" data-e-type=\"widget\" data-widget_type=\"text-editor.default\">\n\t\t\t\t\t\t\t\t\t<h3><b>LA ZONE MAZZARRONE IGP\u00a0\u00a0<\/b><\/h3><p><span style=\"font-weight: 400;\">Nous travaillons et achetons uniquement du raisin au c\u0153ur de la Sicile sud-orientale, dans les zones de <\/span><b>Mazzarrone IGP<\/b><span style=\"font-weight: 400;\"> et <\/span><b>Canicatt\u00ec<\/b><span style=\"font-weight: 400;\"> : des territoires particuli\u00e8rement adapt\u00e9s \u00e0 la viticulture de table. Ici, le soleil, l\u2019amplitude thermique et le sol sablonneux donnent naissance \u00e0 des <strong>grappes au go\u00fbt authentique<\/strong> et \u00e0 la <strong>qualit\u00e9 sup\u00e9rieure.<\/strong><\/span><\/p>\t\t\t\t\t\t\t\t<\/div>\n\t\t\t\t<\/div>\n\t\t\t\t\t<\/div>\n\t\t\t\t<\/div>\n\t\t<div class=\"elementor-element elementor-element-c9bc32d e-flex e-con-boxed e-con e-parent\" data-id=\"c9bc32d\" data-element_type=\"container\" data-e-type=\"container\">\n\t\t\t\t\t<div class=\"e-con-inner\">\n\t\t<div class=\"elementor-element elementor-element-462f863 e-con-full e-flex e-con e-child\" data-id=\"462f863\" data-element_type=\"container\" data-e-type=\"container\">\n\t\t\t\t<div class=\"elementor-element elementor-element-92c053c elementor-widget elementor-widget-text-editor\" data-id=\"92c053c\" data-element_type=\"widget\" data-e-type=\"widget\" data-widget_type=\"text-editor.default\">\n\t\t\t\t\t\t\t\t\t<h3><b>AUX GRANDS VOLUMES, NOUS PR\u00c9F\u00c9RONS LA S\u00c9LECTION<\/b><\/h3><p><span style=\"font-weight: 400;\">Offrir du <\/span><b>raisin sicilien de premier choix<\/b><span style=\"font-weight: 400;\">, en maintenant des <\/span><b>standards de qualit\u00e9 tr\u00e8s \u00e9lev\u00e9s<\/b><span style=\"font-weight: 400;\">, telle est notre mission. Pour cela, nous s\u00e9lectionnons les grappes directement sur la vigne, en ne retenant que les meilleures. Nous portons une tradition qui englobe tout un territoire, historiquement d\u00e9di\u00e9 \u00e0 la culture du raisin de table.\u00a0<\/span><\/p><p><span style=\"font-weight: 400;\">Nous sommes \u00e9galement la r\u00e9f\u00e9rence europ\u00e9enne pour <\/span><b>le raisin sicilien primeur<\/b><span style=\"font-weight: 400;\">, en anticipant le march\u00e9 avec des vari\u00e9t\u00e9s pr\u00e9coces, savoureuses et durables<\/span><span style=\"font-weight: 400;\">.<\/span><\/p>\t\t\t\t\t\t\t\t<\/div>\n\t\t\t\t<\/div>\n\t\t<div class=\"elementor-element elementor-element-01a5451 e-con-full e-flex e-con e-child\" data-id=\"01a5451\" data-element_type=\"container\" data-e-type=\"container\">\n\t\t\t\t<div class=\"elementor-element elementor-element-a1e250f elementor-widget__width-inherit elementor-widget elementor-widget-image\" data-id=\"a1e250f\" data-element_type=\"widget\" data-e-type=\"widget\" data-widget_type=\"image.default\">\n\t\t\t\t\t\t\t\t\t\t\t\t\t\t\t<img decoding=\"async\" width=\"468\" height=\"351\" src=\"https:\/\/sia-group.it\/wp-content\/uploads\/2025\/08\/aLaTERR2.jpg\" class=\"attachment-large size-large wp-image-1330\" alt=\"\" srcset=\"https:\/\/sia-group.it\/wp-content\/uploads\/2025\/08\/aLaTERR2.jpg 468w, https:\/\/sia-group.it\/wp-content\/uploads\/2025\/08\/aLaTERR2-300x225.jpg 300w\" sizes=\"(max-width: 468px) 100vw, 468px\" \/>\t\t\t\t\t\t\t\t\t\t\t\t\t\t\t<\/div>\n\t\t\t\t<\/div>\n\t\t\t\t\t<\/div>\n\t\t\t\t<\/div>\n\t\t<div class=\"elementor-element elementor-element-1ed8bda e-flex e-con-boxed e-con e-parent\" data-id=\"1ed8bda\" data-element_type=\"container\" data-e-type=\"container\">\n\t\t\t\t\t<div class=\"e-con-inner\">\n\t\t\t\t<div class=\"elementor-element elementor-element-5925435 elementor-widget elementor-widget-heading\" data-id=\"5925435\" data-element_type=\"widget\" data-e-type=\"widget\" data-widget_type=\"heading.default\">\n\t\t\t\t\t<h3 class=\"elementor-heading-title elementor-size-default\">Notre entreprise productrice<\/h3>\t\t\t\t<\/div>\n\t\t<div class=\"elementor-element elementor-element-f524425 e-con-full e-flex e-con e-child\" data-id=\"f524425\" data-element_type=\"container\" data-e-type=\"container\">\n\t\t\t\t<div class=\"elementor-element elementor-element-975c14e elementor-widget elementor-widget-image\" data-id=\"975c14e\" data-element_type=\"widget\" data-e-type=\"widget\" data-widget_type=\"image.default\">\n\t\t\t\t\t\t\t\t\t\t\t\t\t\t\t<img decoding=\"async\" src=\"https:\/\/sia-group.it\/wp-content\/plugins\/elementor\/assets\/images\/placeholder.png\" title=\"\" alt=\"\" loading=\"lazy\" \/>\t\t\t\t\t\t\t\t\t\t\t\t\t\t\t<\/div>\n\t\t\t\t<\/div>\n\t\t\t\t<div class=\"elementor-element elementor-element-2dcb474 elementor-widget elementor-widget-heading\" data-id=\"2dcb474\" data-element_type=\"widget\" data-e-type=\"widget\" data-widget_type=\"heading.default\">\n\t\t\t\t\t<h3 class=\"elementor-heading-title elementor-size-default\">Nos marques de production<\/h3>\t\t\t\t<\/div>\n\t\t<div class=\"elementor-element elementor-element-0b62a56 e-con-full e-flex e-con e-child\" data-id=\"0b62a56\" data-element_type=\"container\" data-e-type=\"container\">\n\t\t\t\t<div class=\"elementor-element elementor-element-3ffd803 elementor-widget elementor-widget-image\" data-id=\"3ffd803\" data-element_type=\"widget\" data-e-type=\"widget\" data-widget_type=\"image.default\">\n\t\t\t\t\t\t\t\t\t\t\t\t\t\t\t<img decoding=\"async\" src=\"https:\/\/sia-group.it\/wp-content\/plugins\/elementor\/assets\/images\/placeholder.png\" title=\"\" alt=\"\" loading=\"lazy\" \/>\t\t\t\t\t\t\t\t\t\t\t\t\t\t\t<\/div>\n\t\t\t\t<div class=\"elementor-element elementor-element-0aedb79 elementor-widget elementor-widget-image\" data-id=\"0aedb79\" data-element_type=\"widget\" data-e-type=\"widget\" data-widget_type=\"image.default\">\n\t\t\t\t\t\t\t\t\t\t\t\t\t\t\t<img decoding=\"async\" src=\"https:\/\/sia-group.it\/wp-content\/plugins\/elementor\/assets\/images\/placeholder.png\" title=\"\" alt=\"\" loading=\"lazy\" \/>\t\t\t\t\t\t\t\t\t\t\t\t\t\t\t<\/div>\n\t\t\t\t<div class=\"elementor-element elementor-element-6250555 elementor-widget elementor-widget-image\" data-id=\"6250555\" data-element_type=\"widget\" data-e-type=\"widget\" data-widget_type=\"image.default\">\n\t\t\t\t\t\t\t\t\t\t\t\t\t\t\t<img decoding=\"async\" src=\"https:\/\/sia-group.it\/wp-content\/plugins\/elementor\/assets\/images\/placeholder.png\" title=\"\" alt=\"\" loading=\"lazy\" \/>\t\t\t\t\t\t\t\t\t\t\t\t\t\t\t<\/div>\n\t\t\t\t<div class=\"elementor-element elementor-element-abd6cf0 elementor-widget elementor-widget-image\" data-id=\"abd6cf0\" data-element_type=\"widget\" data-e-type=\"widget\" data-widget_type=\"image.default\">\n\t\t\t\t\t\t\t\t\t\t\t\t\t\t\t<img decoding=\"async\" src=\"https:\/\/sia-group.it\/wp-content\/plugins\/elementor\/assets\/images\/placeholder.png\" title=\"\" alt=\"\" loading=\"lazy\" \/>\t\t\t\t\t\t\t\t\t\t\t\t\t\t\t<\/div>\n\t\t\t\t<\/div>\n\t\t\t\t\t<\/div>\n\t\t\t\t<\/div>\n\t\t<div class=\"elementor-element elementor-element-69dad9b e-flex e-con-boxed e-con e-parent\" data-id=\"69dad9b\" data-element_type=\"container\" data-e-type=\"container\">\n\t\t\t\t\t<div class=\"e-con-inner\">\n\t\t\t\t<div class=\"elementor-element elementor-element-a340189 elementor-widget elementor-widget-text-editor\" data-id=\"a340189\" data-element_type=\"widget\" data-e-type=\"widget\" data-widget_type=\"text-editor.default\">\n\t\t\t\t\t\t\t\t\t<h3><i><span style=\"font-weight: 400;\">Vous souhaitez parler directement avec nous ? <\/span><\/i><i><span style=\"font-weight: 400;\">Contactez-nous\u00a0<\/span><\/i><\/h3>\t\t\t\t\t\t\t\t<\/div>\n\t\t\t\t\t<\/div>\n\t\t\t\t<\/div>\n\t\t\t\t<\/div>\n\t\t","protected":false},"excerpt":{"rendered":"<p>Sia Group est l\u2019\u00e9volution de l\u2019Uva Cristina, c\u00e9l\u00e8bre en Italie et en Europe https:\/\/sia-group.it\/wp-content\/uploads\/2025\/08\/Sia-group.mp4-1.mp4#t=2 SiaGroup est n\u00e9e en 2012 comme l\u2019\u00e9volution naturelle de la marque Uva Cristina, c\u00e9l\u00e8bre sur les march\u00e9s italiens et europ\u00e9ens pour sa haute qualit\u00e9. Nous vendons en Italie et en Europe du raisin sicilien de premier choix, s\u00e9lectionn\u00e9 grappe par grappe [&hellip;]<\/p>\n","protected":false},"author":1,"featured_media":0,"parent":0,"menu_order":0,"comment_status":"closed","ping_status":"closed","template":"","meta":{"_acf_changed":false,"footnotes":""},"class_list":["post-1349","page","type-page","status-publish","hentry"],"acf":[],"_links":{"self":[{"href":"https:\/\/sia-group.it\/fr\/wp-json\/wp\/v2\/pages\/1349","targetHints":{"allow":["GET"]}}],"collection":[{"href":"https:\/\/sia-group.it\/fr\/wp-json\/wp\/v2\/pages"}],"about":[{"href":"https:\/\/sia-group.it\/fr\/wp-json\/wp\/v2\/types\/page"}],"author":[{"embeddable":true,"href":"https:\/\/sia-group.it\/fr\/wp-json\/wp\/v2\/users\/1"}],"replies":[{"embeddable":true,"href":"https:\/\/sia-group.it\/fr\/wp-json\/wp\/v2\/comments?post=1349"}],"version-history":[{"count":1,"href":"https:\/\/sia-group.it\/fr\/wp-json\/wp\/v2\/pages\/1349\/revisions"}],"predecessor-version":[{"id":1355,"href":"https:\/\/sia-group.it\/fr\/wp-json\/wp\/v2\/pages\/1349\/revisions\/1355"}],"wp:attachment":[{"href":"https:\/\/sia-group.it\/fr\/wp-json\/wp\/v2\/media?parent=1349"}],"curies":[{"name":"wp","href":"https:\/\/api.w.org\/{rel}","templated":true}]}}